{"id":2416,"date":"2023-05-21T09:56:27","date_gmt":"2023-05-21T09:56:27","guid":{"rendered":"https:\/\/www.vietstarvipair.com\/en\/?page_id=2416"},"modified":"2024-05-30T15:18:53","modified_gmt":"2024-05-30T15:18:53","slug":"ground-handling","status":"publish","type":"page","link":"https:\/\/www.vietstarvipair.com\/en\/services\/ground-handling\/","title":{"rendered":"Ground Handling"},"content":{"rendered":"\t\t<div data-elementor-type=\"wp-page\" data-elementor-id=\"2416\" class=\"elementor elementor-2416\" data-elementor-post-type=\"page\">\n\t\t\t\t\t\t<section class=\"elementor-section elementor-top-section elementor-element elementor-element-79ec2a49 service-details elementor-section-boxed elementor-section-height-default elementor-section-height-default\" data-id=\"79ec2a49\" data-element_type=\"section\">\n\t\t\t\t\t\t<div class=\"elementor-container elementor-column-gap-no\">\n\t\t\t\t\t<div class=\"elementor-column elementor-col-33 elementor-top-column elementor-element elementor-element-2cc8474e service-details__left\" data-id=\"2cc8474e\" data-element_type=\"column\">\n\t\t\t<div class=\"elementor-widget-wrap elementor-element-populated\">\n\t\t\t\t\t\t<div class=\"elementor-element elementor-element-5371060c elementor-widget elementor-widget-sidebar-nav\" data-id=\"5371060c\" data-element_type=\"widget\" data-widget_type=\"sidebar-nav.default\">\n\t\t\t\t<div class=\"elementor-widget-container\">\n\t\t\t\t\t    <div class=\"service-details__category\">\r\n                    <ul id=\"menu-service-menu\" class=\"service-details__category-list list-unstyled ml-0\"><li id=\"menu-item-2444\" class=\"menu-item menu-item-type-post_type menu-item-object-page menu-item-2444\"><a href=\"https:\/\/www.vietstarvipair.com\/en\/services\/ground-handling\/\"><span class=\"fas fa-angle-right\"><\/span>Ground Handling<\/a><\/li>\n<li id=\"menu-item-2504\" class=\"menu-item menu-item-type-post_type menu-item-object-page menu-item-2504\"><a href=\"https:\/\/www.vietstarvipair.com\/en\/services\/flight-permits\/\"><span class=\"fas fa-angle-right\"><\/span>Flight Permits<\/a><\/li>\n<li id=\"menu-item-5165\" class=\"menu-item menu-item-type-post_type menu-item-object-page menu-item-5165\"><a href=\"https:\/\/www.vietstarvipair.com\/en\/services\/airlines-representative\/\"><span class=\"fas fa-angle-right\"><\/span>Airlines Representative<\/a><\/li>\n<li id=\"menu-item-5166\" class=\"menu-item menu-item-type-post_type menu-item-object-page menu-item-5166\"><a href=\"https:\/\/www.vietstarvipair.com\/en\/services\/station-management\/\"><span class=\"fas fa-angle-right\"><\/span>Station Management<\/a><\/li>\n<li id=\"menu-item-5167\" class=\"menu-item menu-item-type-post_type menu-item-object-page menu-item-5167\"><a href=\"https:\/\/www.vietstarvipair.com\/en\/services\/supervision-services\/\"><span class=\"fas fa-angle-right\"><\/span>Supervision Services<\/a><\/li>\n<li id=\"menu-item-4937\" class=\"menu-item menu-item-type-post_type menu-item-object-page menu-item-4937\"><a href=\"https:\/\/www.vietstarvipair.com\/en\/services\/fast-track-service\/\"><span class=\"fas fa-angle-right\"><\/span>Fast Track Services<\/a><\/li>\n<li id=\"menu-item-3036\" class=\"menu-item menu-item-type-post_type menu-item-object-page menu-item-3036\"><a href=\"https:\/\/www.vietstarvipair.com\/en\/services\/vip-service\/\"><span class=\"fas fa-angle-right\"><\/span>VIP Services<\/a><\/li>\n<\/ul>        \r\n    <\/div>\r\n\t\t\t\t<\/div>\n\t\t\t\t<\/div>\n\t\t\t\t<div class=\"elementor-element elementor-element-b89f1a elementor-widget elementor-widget-footer-sidebar-call-to-action\" data-id=\"b89f1a\" data-element_type=\"widget\" data-widget_type=\"footer-sidebar-call-to-action.default\">\n\t\t\t\t<div class=\"elementor-widget-container\">\n\t\t\t\t\t    <div class=\"service-details__need-help\">\r\n                    <div class=\"service-details__need-help-bg\" style=\"background-image: url(https:\/\/www.vietstarvipair.com\/en\/wp-content\/uploads\/2023\/05\/Heavy-Legacy-600-2.png)\"><\/div>\r\n                <div class=\"service-details__need-help-icon\">\r\n            <span aria-hidden=\"true\" class=\"  icon-phone-call\"><\/span>        <\/div>\r\n                    <h2 class=\"service-details__need-help-title\">Book instantly <br> Ground  Handling Service<\/h2>\r\n                            <div class=\"service-details__need-help-contact\">\r\n                <p>Call Anytime<\/p>\r\n                <a href=\"#\">+84 986 71 68 68 <\/a>\r\n            <\/div>\r\n            <\/div>\r\n\t\t\t\t<\/div>\n\t\t\t\t<\/div>\n\t\t\t\t\t<\/div>\n\t\t<\/div>\n\t\t\t\t<div class=\"elementor-column elementor-col-66 elementor-top-column elementor-element elementor-element-1bc5f223 service-details__right\" data-id=\"1bc5f223\" data-element_type=\"column\">\n\t\t\t<div class=\"elementor-widget-wrap elementor-element-populated\">\n\t\t\t\t\t\t<div class=\"elementor-element elementor-element-4011316e elementor-widget elementor-widget-image\" data-id=\"4011316e\" data-element_type=\"widget\" data-widget_type=\"image.default\">\n\t\t\t\t<div class=\"elementor-widget-container\">\n\t\t\t\t\t\t\t\t\t\t\t\t\t\t\t<img fetchpriority=\"high\" decoding=\"async\" width=\"1280\" height=\"786\" src=\"https:\/\/www.vietstarvipair.com\/en\/wp-content\/uploads\/2024\/05\/ground-handling.jpg\" class=\"attachment-full size-full wp-image-5026\" alt=\"\" srcset=\"https:\/\/www.vietstarvipair.com\/en\/wp-content\/uploads\/2024\/05\/ground-handling.jpg 1280w, https:\/\/www.vietstarvipair.com\/en\/wp-content\/uploads\/2024\/05\/ground-handling-300x184.jpg 300w, https:\/\/www.vietstarvipair.com\/en\/wp-content\/uploads\/2024\/05\/ground-handling-1024x629.jpg 1024w, https:\/\/www.vietstarvipair.com\/en\/wp-content\/uploads\/2024\/05\/ground-handling-768x472.jpg 768w\" sizes=\"(max-width: 1280px) 100vw, 1280px\" \/>\t\t\t\t\t\t\t\t\t\t\t\t\t\t\t<\/div>\n\t\t\t\t<\/div>\n\t\t\t\t<div class=\"elementor-element elementor-element-41cfdcc7 elementor-widget elementor-widget-heading\" data-id=\"41cfdcc7\" data-element_type=\"widget\" data-widget_type=\"heading.default\">\n\t\t\t\t<div class=\"elementor-widget-container\">\n\t\t\t\t\t<h3 class=\"elementor-heading-title elementor-size-default\">The Best Ground Handling Services in Vietnam<\/h3>\t\t\t\t<\/div>\n\t\t\t\t<\/div>\n\t\t\t\t<div class=\"elementor-element elementor-element-2fd4c922 elementor-widget elementor-widget-text-editor\" data-id=\"2fd4c922\" data-element_type=\"widget\" data-widget_type=\"text-editor.default\">\n\t\t\t\t<div class=\"elementor-widget-container\">\n\t\t\t\t\t\t\t\t\t<p><\/p>\n<p>Our comprehensive ground handling services extend to all prominent airports across the country, ensuring unparalleled attention to detail for your aircraft, crew, passengers, and cargo. Whether you&#8217;re at Tan Son Nhat (VVTS), Noi Bai (VVNB), Da Nang (VVDN), Cam Ranh (VVCR), Phu Quoc (VVPQ), Lien Khuong (VVDL), Can Tho (VVCT), Cat Bi, Ph\u00fa Bai, Ph\u00f9 C\u00e1t, C\u00f4n \u0110\u1ea3o (VVCS), or other locations, rest assured of swift and seamless operations that are second to none.<\/p>\n<p><\/p>\n<p>Our extensive range of ground handling services encompasses the following:<\/p>\n<p><\/p>\n<p><b>Aircraft<\/b><\/p>\n<ul>\n<li>Handling &amp; Supervising<\/li>\n<li>Refueling<\/li>\n<li>Flight plan<\/li>\n<li>Weather services<\/li>\n<li>Parking slots<\/li>\n<li>Navigations<\/li>\n<li>Landing, take off<\/li>\n<\/ul>\n<p><b>Airport service<\/b><\/p>\n<p><\/p>\n<ul>\n<li>VIP ground handling<\/li>\n<li>Quality supervision on GSE usage<\/li>\n<li>VIP baggage handling<\/li>\n<li>Catering arrangement<\/li>\n<li>Crew and VIP terminal assistance<\/li>\n<li>Ground transportation arrangement<\/li>\n<li>Hotel accommodation arrangement<\/li>\n<li>Aircraft security<\/li>\n<li>VIP security arrangement<\/li>\n<li>Flight monitoring<\/li>\n<li>Real-time updates on all processes<\/li>\n<\/ul>\n<p><b>Passenger Services<\/b><\/p>\n<ul>\n<li>Welcoming and guiding incoming passengers to baggage claim areas and terminal exits<\/li>\n<li>Handling lost, damaged, and transferred baggage for incoming passengers (if applicable)<\/li>\n<li>Assisting outgoing passengers with flight and baggage processes<\/li>\n<li>Ensuring safe boarding of outgoing passengers onto the aircraft<\/li>\n<li>Catering to VIPs, unaccompanied children, and passengers with special needs<\/li>\n<li>Specially trained personnel to assist passengers with reduced mobility<\/li>\n<\/ul>\n<p><b>Ramp Services<\/b><\/p>\n<ul>\n<li>Meeting and marshaling the aircraft<\/li>\n<li>Offloading and loading the aircraft<\/li>\n<li>Provision of Ground Handling Equipments<\/li>\n<li>Supply of Ground Power Unit, Air Condition Unit and Push-Back\/Towing services for the aircraft<\/li>\n<li>Interior cleaning<\/li>\n<li>Provision of toilet and water services to the aircraft<\/li>\n<li>De-icing of aircraft in adverse weather conditions and anti-icing measures<\/li>\n<li>Transportation of passengers and crew between aircraft and passenger terminals<\/li>\n<li>Storage of pallets, containers and other unit load devices<\/li>\n<\/ul>\n<p><b>Cargo and Mail Services<\/b><\/p>\n<ul>\n<li>Acceptance and precessing of export cargo and mail documents<\/li>\n<li>Physical control and preparation of export cargo and mail<\/li>\n<li>Monitoring and ensuring proper loading of cargo and mail onto aircraft<\/li>\n<li>Custom transactions of export cargo<\/li>\n<li>Transfer of incoming cargo to import warehouse and incoming mails to Turkish Postal Services (PTT)<\/li>\n<li>Identification of any disruption in imported cargo and mail, and taking necessary actions<\/li>\n<li>Completion of customs clearance for imported cargo and preparation for recipient delivery<\/li>\n<li>Notification of recipients<\/li>\n<li>Transfer cargo services<\/li>\n<\/ul>\n<p><b>Load Control and Communication Services<\/b><\/p>\n<ul>\n<li>Coordination of aircraft servicing units<\/li>\n<li>Preparation and distribution of flight documents (customs declaration, loading instruction, load sheet, pasenger manifest, weather forecast, flight plan, etc.)<\/li>\n<li>Load control, weight and balance calculations<\/li>\n<li>Transmission and reception of all operational messages, notification of all related units<\/li>\n<li>Communication and coordination between aircraft and ground handling personnel<\/li>\n<\/ul>\n<p><b>Flight Operation Services<\/b><\/p>\n<ul>\n<li>Flight permit and airport slot applications<\/li>\n<li>Preparation and distribution of flight plan to the cabin crew<\/li>\n<li>Coordination with fuel and aircraft catering companies<\/li>\n<li>Preparation of weather forecasts and navigation information and distribution to the cabin crew<\/li>\n<\/ul>\n<p><b>Representation and Supervision Services<\/b><\/p>\n<ul>\n<li>Making payments and\/or issuing guarantees on behalf of the airlines to related institutions such as terminal operators, airport authorities, customs, police, etc., in accordance with contractual obligations<\/li>\n<li>Establishing and maintaining contact with local authorities on behalf of the airline company \u2022 Preparing, transmitting, and filing reports, statistics, documents, etc related to flights<\/li>\n<\/ul>\n<div><br><\/div>\n<p><font color=\"#79817c\" face=\"DM Sans, sans-serif\">If you have any questions or queries, don&#8217;t hesitate to get in touch.<\/font><br><\/p>\n<p style=\"color: rgb(121, 129, 124); font-family: &quot;DM Sans&quot;, sans-serif;\">&#8211; Email us at: info@vietstarvipair.com<\/p>\n<p style=\"color: rgb(121, 129, 124); font-family: &quot;DM Sans&quot;, sans-serif;\">&#8211; Call us: +84 986 71 68 68<\/p>\n<p><\/p>\t\t\t\t\t\t\t\t<\/div>\n\t\t\t\t<\/div>\n\t\t\t\t\t<\/div>\n\t\t<\/div>\n\t\t\t\t\t<\/div>\n\t\t<\/section>\n\t\t\t\t<section class=\"elementor-section elementor-top-section elementor-element elementor-element-64c9ccde elementor-section-boxed elementor-section-height-default elementor-section-height-default\" data-id=\"64c9ccde\" data-element_type=\"section\">\n\t\t\t\t\t\t<div class=\"elementor-container elementor-column-gap-default\">\n\t\t\t\t\t<div class=\"elementor-column elementor-col-33 elementor-top-column elementor-element elementor-element-3478a41b\" data-id=\"3478a41b\" data-element_type=\"column\">\n\t\t\t<div class=\"elementor-widget-wrap\">\n\t\t\t\t\t\t\t<\/div>\n\t\t<\/div>\n\t\t\t\t<div class=\"elementor-column elementor-col-33 elementor-top-column elementor-element elementor-element-34c735fe\" data-id=\"34c735fe\" data-element_type=\"column\">\n\t\t\t<div class=\"elementor-widget-wrap elementor-element-populated\">\n\t\t\t\t\t\t<div class=\"elementor-element elementor-element-d603691 elementor-widget elementor-widget-heading\" data-id=\"d603691\" data-element_type=\"widget\" data-widget_type=\"heading.default\">\n\t\t\t\t<div class=\"elementor-widget-container\">\n\t\t\t\t\t<h2 class=\"elementor-heading-title elementor-size-large\">SERVICE ORDERING<\/h2>\t\t\t\t<\/div>\n\t\t\t\t<\/div>\n\t\t\t\t\t<\/div>\n\t\t<\/div>\n\t\t\t\t<div class=\"elementor-column elementor-col-33 elementor-top-column elementor-element elementor-element-27a17d26\" data-id=\"27a17d26\" data-element_type=\"column\">\n\t\t\t<div class=\"elementor-widget-wrap\">\n\t\t\t\t\t\t\t<\/div>\n\t\t<\/div>\n\t\t\t\t\t<\/div>\n\t\t<\/section>\n\t\t\t\t<section class=\"elementor-section elementor-top-section elementor-element elementor-element-f200b35 elementor-section-boxed elementor-section-height-default elementor-section-height-default\" data-id=\"f200b35\" data-element_type=\"section\">\n\t\t\t\t\t\t<div class=\"elementor-container elementor-column-gap-default\">\n\t\t\t\t\t<div class=\"elementor-column elementor-col-33 elementor-top-column elementor-element elementor-element-e37ccaa\" data-id=\"e37ccaa\" data-element_type=\"column\">\n\t\t\t<div class=\"elementor-widget-wrap\">\n\t\t\t\t\t\t\t<\/div>\n\t\t<\/div>\n\t\t\t\t<div class=\"elementor-column elementor-col-66 elementor-top-column elementor-element elementor-element-ddd9cc2\" data-id=\"ddd9cc2\" data-element_type=\"column\">\n\t\t\t<div class=\"elementor-widget-wrap elementor-element-populated\">\n\t\t\t\t\t\t<div class=\"elementor-element elementor-element-806f2e4 elementor-widget elementor-widget-wpforms\" data-id=\"806f2e4\" data-element_type=\"widget\" data-widget_type=\"wpforms.default\">\n\t\t\t\t<div class=\"elementor-widget-container\">\n\t\t\t\t\t<div class=\"wpforms-container wpforms-container-full\" id=\"wpforms-3277\"><form id=\"wpforms-form-3277\" class=\"wpforms-validate wpforms-form wpforms-ajax-form\" data-formid=\"3277\" method=\"post\" enctype=\"multipart\/form-data\" action=\"\/en\/wp-json\/wp\/v2\/pages\/2416\" data-token=\"7eb51cd620f98d314c26b5101dd418d7\"><noscript class=\"wpforms-error-noscript\">Please enable JavaScript in your browser to complete this form.<\/noscript><div class=\"wpforms-field-container\"><div id=\"wpforms-3277-field_0-container\" class=\"wpforms-field wpforms-field-name\" data-field-id=\"0\"><label class=\"wpforms-field-label\" for=\"wpforms-3277-field_0\">Name of Contact Person <span class=\"wpforms-required-label\">*<\/span><\/label><input type=\"text\" id=\"wpforms-3277-field_0\" class=\"wpforms-field-medium wpforms-field-required\" name=\"wpforms[fields][0]\" placeholder=\"Name of Contact Person\" required><\/div><div id=\"wpforms-3277-field_55-container\" class=\"wpforms-field wpforms-field-select wpforms-field-select-style-classic\" data-field-id=\"55\"><label class=\"wpforms-field-label\" for=\"wpforms-3277-field_55\">Title<\/label><select id=\"wpforms-3277-field_55\" class=\"wpforms-field-medium\" name=\"wpforms[fields][55]\"><option value=\"Mr.\" >Mr.<\/option><option value=\"Mrs.\" >Mrs.<\/option><option value=\"Ms.\" >Ms.<\/option><\/select><\/div><div id=\"wpforms-3277-field_19-container\" class=\"wpforms-field wpforms-field-phone\" data-field-id=\"19\"><label class=\"wpforms-field-label\" for=\"wpforms-3277-field_19\">Phone <span class=\"wpforms-required-label\">*<\/span><\/label><input type=\"tel\" id=\"wpforms-3277-field_19\" class=\"wpforms-field-medium wpforms-field-required\" data-rule-int-phone-field=\"true\" name=\"wpforms[fields][19]\" required><\/div><div id=\"wpforms-3277-field_46-container\" class=\"wpforms-field wpforms-field-email\" data-field-id=\"46\"><label class=\"wpforms-field-label\" for=\"wpforms-3277-field_46\">Email <span class=\"wpforms-required-label\">*<\/span><\/label><input type=\"email\" id=\"wpforms-3277-field_46\" class=\"wpforms-field-medium wpforms-field-required\" name=\"wpforms[fields][46]\" required><\/div><div id=\"wpforms-3277-field_53-container\" class=\"wpforms-field wpforms-field-checkbox\" data-field-id=\"53\"><label class=\"wpforms-field-label\" for=\"wpforms-3277-field_53\">Services<\/label><ul id=\"wpforms-3277-field_53\"><li class=\"choice-1 depth-1\"><input type=\"checkbox\" id=\"wpforms-3277-field_53_1\" name=\"wpforms[fields][53][]\" value=\"Ground Handling\"  ><label class=\"wpforms-field-label-inline\" for=\"wpforms-3277-field_53_1\">Ground Handling<\/label><\/li><li class=\"choice-2 depth-1\"><input type=\"checkbox\" id=\"wpforms-3277-field_53_2\" name=\"wpforms[fields][53][]\" value=\"Flight Permits\"  ><label class=\"wpforms-field-label-inline\" for=\"wpforms-3277-field_53_2\">Flight Permits<\/label><\/li><li class=\"choice-6 depth-1\"><input type=\"checkbox\" id=\"wpforms-3277-field_53_6\" name=\"wpforms[fields][53][]\" value=\"Airlines Representative\"  ><label class=\"wpforms-field-label-inline\" for=\"wpforms-3277-field_53_6\">Airlines Representative<\/label><\/li><li class=\"choice-8 depth-1\"><input type=\"checkbox\" id=\"wpforms-3277-field_53_8\" name=\"wpforms[fields][53][]\" value=\"Station Management\"  ><label class=\"wpforms-field-label-inline\" for=\"wpforms-3277-field_53_8\">Station Management<\/label><\/li><li class=\"choice-9 depth-1\"><input type=\"checkbox\" id=\"wpforms-3277-field_53_9\" name=\"wpforms[fields][53][]\" value=\"Supervision Services\"  ><label class=\"wpforms-field-label-inline\" for=\"wpforms-3277-field_53_9\">Supervision Services<\/label><\/li><li class=\"choice-5 depth-1\"><input type=\"checkbox\" id=\"wpforms-3277-field_53_5\" name=\"wpforms[fields][53][]\" value=\"Fast Track Services\"  ><label class=\"wpforms-field-label-inline\" for=\"wpforms-3277-field_53_5\">Fast Track Services<\/label><\/li><li class=\"choice-10 depth-1\"><input type=\"checkbox\" id=\"wpforms-3277-field_53_10\" name=\"wpforms[fields][53][]\" value=\"Fuel Management\"  ><label class=\"wpforms-field-label-inline\" for=\"wpforms-3277-field_53_10\">Fuel Management<\/label><\/li><li class=\"choice-11 depth-1\"><input type=\"checkbox\" id=\"wpforms-3277-field_53_11\" name=\"wpforms[fields][53][]\" value=\"VIP Services\"  ><label class=\"wpforms-field-label-inline\" for=\"wpforms-3277-field_53_11\">VIP Services<\/label><\/li><\/ul><\/div><div id=\"wpforms-3277-field_16-container\" class=\"wpforms-field wpforms-field-textarea\" data-field-id=\"16\"><label class=\"wpforms-field-label\" for=\"wpforms-3277-field_16\">Special Requests<\/label><textarea id=\"wpforms-3277-field_16\" class=\"wpforms-field-medium\" name=\"wpforms[fields][16]\" placeholder=\"Please type your requests here.\" ><\/textarea><\/div><div id=\"wpforms-3277-field_39-container\" class=\"wpforms-field wpforms-field-content\" data-field-id=\"39\"><div id=\"wpforms-3277-field_39\" class=\"wpforms-field-large wpforms-field-row\" name=\"wpforms[fields][39]\"><p><em>Notes:&nbsp;Fields marked with the * are required.<\/em><\/p>\n<p><em>Thank you for placing your trust in us! <\/em><\/p>\n<p><em>We will respond to you as soon as possible<\/em><br \/>\n<em>via your email or phone number.<\/em><\/p>\n<div class=\"wpforms-field-content-display-frontend-clear\"><\/div><\/div><\/div><\/div><div class=\"wpforms-submit-container\"><input type=\"hidden\" name=\"wpforms[id]\" value=\"3277\"><input type=\"hidden\" name=\"wpforms[author]\" value=\"1\"><button type=\"submit\" name=\"wpforms[submit]\" id=\"wpforms-submit-3277\" class=\"wpforms-submit\" data-alt-text=\"Sending...\" data-submit-text=\"Submit\" aria-live=\"assertive\" value=\"wpforms-submit\">Submit<\/button><img decoding=\"async\" src=\"https:\/\/www.vietstarvipair.com\/en\/wp-content\/plugins\/wpforms\/assets\/images\/submit-spin.svg\" class=\"wpforms-submit-spinner\" style=\"display: none;\" width=\"26\" height=\"26\" alt=\"Loading\"><\/div><\/form><\/div>  <!-- .wpforms-container -->\t\t\t\t<\/div>\n\t\t\t\t<\/div>\n\t\t\t\t\t<\/div>\n\t\t<\/div>\n\t\t\t\t\t<\/div>\n\t\t<\/section>\n\t\t\t\t<\/div>\n\t\t","protected":false},"excerpt":{"rendered":"<p>Ground Handling Flight Permits Fuel Arrangement VIP Services Fast Track Services Book instantly Ground Handling Service Call Anytime +84 986 71 68 68 The Best Ground Handling Services in Vietnam Our comprehensive ground handling services extend to all prominent airports across the country, ensuring unparalleled attention to detail for your aircraft, crew, passengers, and cargo. [&hellip;]<\/p>\n","protected":false},"author":1,"featured_media":0,"parent":2116,"menu_order":0,"comment_status":"closed","ping_status":"closed","template":"elementor_header_footer","meta":{"footnotes":""},"class_list":["post-2416","page","type-page","status-publish","hentry"],"_links":{"self":[{"href":"https:\/\/www.vietstarvipair.com\/en\/wp-json\/wp\/v2\/pages\/2416","targetHints":{"allow":["GET"]}}],"collection":[{"href":"https:\/\/www.vietstarvipair.com\/en\/wp-json\/wp\/v2\/pages"}],"about":[{"href":"https:\/\/www.vietstarvipair.com\/en\/wp-json\/wp\/v2\/types\/page"}],"author":[{"embeddable":true,"href":"https:\/\/www.vietstarvipair.com\/en\/wp-json\/wp\/v2\/users\/1"}],"replies":[{"embeddable":true,"href":"https:\/\/www.vietstarvipair.com\/en\/wp-json\/wp\/v2\/comments?post=2416"}],"version-history":[{"count":33,"href":"https:\/\/www.vietstarvipair.com\/en\/wp-json\/wp\/v2\/pages\/2416\/revisions"}],"predecessor-version":[{"id":5029,"href":"https:\/\/www.vietstarvipair.com\/en\/wp-json\/wp\/v2\/pages\/2416\/revisions\/5029"}],"up":[{"embeddable":true,"href":"https:\/\/www.vietstarvipair.com\/en\/wp-json\/wp\/v2\/pages\/2116"}],"wp:attachment":[{"href":"https:\/\/www.vietstarvipair.com\/en\/wp-json\/wp\/v2\/media?parent=2416"}],"curies":[{"name":"wp","href":"https:\/\/api.w.org\/{rel}","templated":true}]}}