{"id":596,"date":"2023-01-21T08:18:09","date_gmt":"2023-01-21T08:18:09","guid":{"rendered":"http:\/\/bracketweb.com\/jetlywp\/?page_id=596"},"modified":"2023-08-21T12:36:49","modified_gmt":"2023-08-21T12:36:49","slug":"gioi-thieu","status":"publish","type":"page","link":"https:\/\/www.vietstarvipair.com\/vn\/gioi-thieu\/","title":{"rendered":"Gi\u1edbi Thi\u1ec7u"},"content":{"rendered":"\t\t<div data-elementor-type=\"wp-page\" data-elementor-id=\"596\" class=\"elementor elementor-596\">\n\t\t\t\t\t\t\t\t\t<section class=\"elementor-section elementor-top-section elementor-element elementor-element-56c73b9 elementor-section-full_width elementor-section-stretched elementor-section-height-default elementor-section-height-default\" data-id=\"56c73b9\" data-element_type=\"section\" data-settings=\"{&quot;stretch_section&quot;:&quot;section-stretched&quot;}\">\n\t\t\t\t\t\t<div class=\"elementor-container elementor-column-gap-no\">\n\t\t\t\t\t<div class=\"elementor-column elementor-col-100 elementor-top-column elementor-element elementor-element-e73252e\" data-id=\"e73252e\" data-element_type=\"column\">\n\t\t\t<div class=\"elementor-widget-wrap elementor-element-populated\">\n\t\t\t\t\t\t\t\t<div class=\"elementor-element elementor-element-72a0629 elementor-widget elementor-widget-jetly-about\" data-id=\"72a0629\" data-element_type=\"widget\" data-widget_type=\"jetly-about.default\">\n\t\t\t\t<div class=\"elementor-widget-container\">\n\t\t\t\t<!--About Four Start-->\r\n\t<section class=\"about-four\">\r\n\t\t<div class=\"container\">\r\n\t\t\t<div class=\"row\">\r\n\t\t\t\t<div class=\"col-xl-6 col-lg-6\">\r\n\t\t\t\t\t<div class=\"about-four__left wow slideInLeft\" data-wow-delay=\"100ms\" data-wow-duration=\"2500ms\">\r\n\t\t\t\t\t\t\t\t\t\t\t\t\t<div class=\"about-four__img\">\r\n\t\t\t\t\t\t\t\t<img decoding=\"async\" src=\"https:\/\/www.vietstarvipair.com\/vn\/wp-content\/uploads\/2023\/01\/about-four-img-1.jpg\" alt=\"about-four-img-1\" title=\"about-four-img-1\" >\t\t\t\t\t\t\t<\/div>\r\n\t\t\t\t\t\t\t\t\t\t\t<\/div>\r\n\t\t\t\t<\/div>\r\n\t\t\t\t<div class=\"col-xl-6 col-lg-6\">\r\n\t\t\t\t\t<div class=\"about-four__right\">\r\n\t\t\t\t\t\t<div class=\"section-title text-left\">\r\n\t\t\t\t\t\t\t\t\t\t\t\t\t\t\t<span class=\"section-title__tagline\">Gi\u1edbi Thi\u1ec7u V\u1ec1 Vietstar VIP Air<\/span>\r\n\t\t\t\t\t\t\t\t\t\t\t\t\t\t\t\t\t\t\t\t\t\t<h2 class=\"section-title__title\">Chuy\u00ean Nghi\u1ec7p <br>v\u00e0 T\u1eadn T\u00e2m<\/h2>\r\n\t\t\t\t\t\t\t\t\t\t\t\t\t<\/div>\r\n\t\t\t\t\t\t\n <p class=\"about-four__text-2\">Vietstar Airlines \u0111\u01b0\u1ee3c th\u00e0nh l\u1eadp v\u00e0o n\u0103m 2012 v\u00e0 l\u00e0 c\u00f4ng ty h\u00e0ng \u0111\u1ea7u t\u1ea1i Vi\u1ec7t Nam trong vi\u1ec7c cung c\u1ea5p d\u1ecbch v\u1ee5 Cho thu\u00ea m\u00e1y bay ri\u00eang, Qu\u1ea3n l\u00fd m\u00e1y bay, B\u1ea3o tr\u00ec, D\u1ecbch v\u1ee5 m\u1eb7t \u0111\u1ea5t, \u0110\u00e0o t\u1ea1o h\u00e0ng kh\u00f4ng t\u1ea1i Vi\u1ec7t Nam.  <\/p>\t\t\t\t\t\t\t\t\t\t\t\t\t<a   href=\"https:\/\/www.vietstarvipair.com\/vn\/lien-he\/\" class=\"thm-btn about-four__btn\">Li\u00ean h\u1ec7<\/a>\r\n\t\t\t\t\t\t\t\t\t\t\t<\/div>\r\n\t\t\t\t<\/div>\r\n\t\t\t<\/div>\r\n\t\t<\/div>\r\n\t<\/section>\r\n\t<!--About Four End-->\r\n\t\t<\/div>\n\t\t\t\t<\/div>\n\t\t\t\t\t<\/div>\n\t\t<\/div>\n\t\t\t\t\t\t\t<\/div>\n\t\t<\/section>\n\t\t\t\t<section class=\"elementor-section elementor-top-section elementor-element elementor-element-db32ca4 elementor-section-full_width elementor-section-stretched elementor-section-height-default elementor-section-height-default\" data-id=\"db32ca4\" data-element_type=\"section\" data-settings=\"{&quot;stretch_section&quot;:&quot;section-stretched&quot;}\">\n\t\t\t\t\t\t<div class=\"elementor-container elementor-column-gap-no\">\n\t\t\t\t\t<div class=\"elementor-column elementor-col-100 elementor-top-column elementor-element elementor-element-a7273ad\" data-id=\"a7273ad\" data-element_type=\"column\">\n\t\t\t<div class=\"elementor-widget-wrap elementor-element-populated\">\n\t\t\t\t\t\t\t\t<div class=\"elementor-element elementor-element-07767c7 elementor-widget elementor-widget-jetly-counter\" data-id=\"07767c7\" data-element_type=\"widget\" data-widget_type=\"jetly-counter.default\">\n\t\t\t\t<div class=\"elementor-widget-container\">\n\t\t\t    <!--Counter Three Start-->\r\n    <section class=\"counter-three\">\r\n                    <div class=\"counter-three__shape-1\" style=\"background-image: url(https:\/\/bracketweb.com\/jetlywp\/wp-content\/uploads\/2023\/01\/counter-three-shape-1.png);\"><\/div>\r\n                            <div class=\"container\">\r\n                <ul class=\"list-unstyled counter-three__list ml-0\">\r\n                                            <li class=\"counter-three__single wow fadeInUp\" data-wow-delay=\"100ms\">\r\n                            <div class=\"counter-three__count-box count-box\">\r\n                                <h3 class=\"count-text\" data-stop=\"39\" data-speed=\"1500\">00<\/h3>\r\n                            <\/div>\r\n                            <p class=\"counter-three__text\">Phi c\u00f4ng chuy\u00ean nghi\u1ec7p<\/p>\r\n                        <\/li>\r\n                                            <li class=\"counter-three__single wow fadeInUp\" data-wow-delay=\"200ms\">\r\n                            <div class=\"counter-three__count-box count-box\">\r\n                                <h3 class=\"count-text\" data-stop=\"5\" data-speed=\"1500\">00<\/h3>\r\n                            <\/div>\r\n                            <p class=\"counter-three__text\">Chuy\u00ean c\u01a1<\/p>\r\n                        <\/li>\r\n                                            <li class=\"counter-three__single wow fadeInUp\" data-wow-delay=\"300ms\">\r\n                            <div class=\"counter-three__count-box count-box\">\r\n                                <h3 class=\"count-text\" data-stop=\"18\" data-speed=\"1500\">00<\/h3>\r\n                            <\/div>\r\n                            <p class=\"counter-three__text\">Tuy\u1ebfn bay<\/p>\r\n                        <\/li>\r\n                                            <li class=\"counter-three__single wow fadeInUp\" data-wow-delay=\"400ms\">\r\n                            <div class=\"counter-three__count-box count-box\">\r\n                                <h3 class=\"count-text\" data-stop=\"28\" data-speed=\"1500\">00<\/h3>\r\n                            <\/div>\r\n                            <p class=\"counter-three__text\">S\u00e2n bay<\/p>\r\n                        <\/li>\r\n                                    <\/ul>\r\n            <\/div>\r\n            <\/section>\r\n    <!--Counter Three End-->\r\n\r\n\t\t<\/div>\n\t\t\t\t<\/div>\n\t\t\t\t\t<\/div>\n\t\t<\/div>\n\t\t\t\t\t\t\t<\/div>\n\t\t<\/section>\n\t\t\t\t<section class=\"elementor-section elementor-top-section elementor-element elementor-element-11a9341 elementor-section-boxed elementor-section-height-default elementor-section-height-default\" data-id=\"11a9341\" data-element_type=\"section\">\n\t\t\t\t\t\t<div class=\"elementor-container elementor-column-gap-default\">\n\t\t\t\t\t<div class=\"elementor-column elementor-col-100 elementor-top-column elementor-element elementor-element-ab550f1\" data-id=\"ab550f1\" data-element_type=\"column\">\n\t\t\t<div class=\"elementor-widget-wrap elementor-element-populated\">\n\t\t\t\t\t\t\t\t<div class=\"elementor-element elementor-element-2077941 elementor-widget elementor-widget-jetly-section-header\" data-id=\"2077941\" data-element_type=\"widget\" data-widget_type=\"jetly-section-header.default\">\n\t\t\t\t<div class=\"elementor-widget-container\">\n\t\t\t    <div class=\"section-title text-center custom\">\r\n                    <span class=\"section-title__tagline\">\u00dd Ki\u1ebfn Kh\u00e1ch H\u00e0ng<\/span>\r\n                            <h2 class=\"section-title__title\">Kh\u00e1ch H\u00e0ng <br> n\u00f3i v\u1ec1 d\u1ecbch v\u1ee5 c\u1ee7a   ch\u00fang t\u00f4i<\/h2>\r\n            <\/div>\r\n\t\t<\/div>\n\t\t\t\t<\/div>\n\t\t\t\t\t<\/div>\n\t\t<\/div>\n\t\t\t\t\t\t\t<\/div>\n\t\t<\/section>\n\t\t\t\t<section class=\"elementor-section elementor-top-section elementor-element elementor-element-85a2bf5 elementor-section-full_width elementor-section-height-default elementor-section-height-default\" data-id=\"85a2bf5\" data-element_type=\"section\">\n\t\t\t\t\t\t<div class=\"elementor-container elementor-column-gap-default\">\n\t\t\t\t\t<div class=\"elementor-column elementor-col-33 elementor-top-column elementor-element elementor-element-9d7d46c\" data-id=\"9d7d46c\" data-element_type=\"column\">\n\t\t\t<div class=\"elementor-widget-wrap elementor-element-populated\">\n\t\t\t\t\t\t\t\t<div class=\"elementor-element elementor-element-5dc2e29 elementor-widget elementor-widget-testimonial\" data-id=\"5dc2e29\" data-element_type=\"widget\" data-widget_type=\"testimonial.default\">\n\t\t\t\t<div class=\"elementor-widget-container\">\n\t\t\t<style>\/*! elementor - v3.14.0 - 26-06-2023 *\/\n.elementor-testimonial-wrapper{overflow:hidden;text-align:center}.elementor-testimonial-wrapper .elementor-testimonial-content{font-size:1.3em;margin-bottom:20px}.elementor-testimonial-wrapper .elementor-testimonial-name{line-height:1.5;display:block}.elementor-testimonial-wrapper .elementor-testimonial-job{font-size:.85em;display:block}.elementor-testimonial-wrapper .elementor-testimonial-meta{width:100%;line-height:1}.elementor-testimonial-wrapper .elementor-testimonial-meta-inner{display:inline-block}.elementor-testimonial-wrapper .elementor-testimonial-meta .elementor-testimonial-details,.elementor-testimonial-wrapper .elementor-testimonial-meta .elementor-testimonial-image{display:table-cell;vertical-align:middle}.elementor-testimonial-wrapper .elementor-testimonial-meta .elementor-testimonial-image img{width:60px;height:60px;border-radius:50%;-o-object-fit:cover;object-fit:cover;max-width:none}.elementor-testimonial-wrapper .elementor-testimonial-meta.elementor-testimonial-image-position-aside .elementor-testimonial-image{padding-right:15px}.elementor-testimonial-wrapper .elementor-testimonial-meta.elementor-testimonial-image-position-aside .elementor-testimonial-details{text-align:left}.elementor-testimonial-wrapper .elementor-testimonial-meta.elementor-testimonial-image-position-top .elementor-testimonial-details,.elementor-testimonial-wrapper .elementor-testimonial-meta.elementor-testimonial-image-position-top .elementor-testimonial-image{display:block}.elementor-testimonial-wrapper .elementor-testimonial-meta.elementor-testimonial-image-position-top .elementor-testimonial-image{margin-bottom:20px}<\/style>\t\t<div class=\"elementor-testimonial-wrapper\">\n\t\t\t\t\t\t\t<div class=\"elementor-testimonial-content\">Comforts and punctuality have made our business trip even more impressive toward our clients. With fi-wi being available onboard, we could work at any time we want.<\/div>\n\t\t\t\n\t\t\t\t\t\t<div class=\"elementor-testimonial-meta elementor-has-image elementor-testimonial-image-position-aside\">\n\t\t\t\t<div class=\"elementor-testimonial-meta-inner\">\n\t\t\t\t\t\t\t\t\t\t\t<div class=\"elementor-testimonial-image\">\n\t\t\t\t\t\t\t<img loading=\"lazy\" decoding=\"async\" width=\"640\" height=\"585\" src=\"https:\/\/www.vietstarvipair.com\/vn\/wp-content\/uploads\/2023\/08\/John-Doe.png\" class=\"attachment-full size-full wp-image-4982\" alt=\"\" srcset=\"https:\/\/www.vietstarvipair.com\/vn\/wp-content\/uploads\/2023\/08\/John-Doe.png 640w, https:\/\/www.vietstarvipair.com\/vn\/wp-content\/uploads\/2023\/08\/John-Doe-300x274.png 300w, https:\/\/www.vietstarvipair.com\/vn\/wp-content\/uploads\/2023\/08\/John-Doe-270x247.png 270w\" sizes=\"auto, (max-width: 640px) 100vw, 640px\" \/>\t\t\t\t\t\t<\/div>\n\t\t\t\t\t\n\t\t\t\t\t\t\t\t\t\t<div class=\"elementor-testimonial-details\">\n\t\t\t\t\t\t\t\t\t\t\t\t\t\t<div class=\"elementor-testimonial-name\">John Doe<\/div>\n\t\t\t\t\t\t\t\t\t\t\t\t\t\t\t\t\t\t\t\t\t\t<div class=\"elementor-testimonial-job\">Doanh Nh\u00e2n<\/div>\n\t\t\t\t\t\t\t\t\t\t\t\t\t<\/div>\n\t\t\t\t\t\t\t\t\t<\/div>\n\t\t\t<\/div>\n\t\t\t\t\t<\/div>\n\t\t\t\t<\/div>\n\t\t\t\t<\/div>\n\t\t\t\t\t<\/div>\n\t\t<\/div>\n\t\t\t\t<div class=\"elementor-column elementor-col-33 elementor-top-column elementor-element elementor-element-41041b0\" data-id=\"41041b0\" data-element_type=\"column\">\n\t\t\t<div class=\"elementor-widget-wrap elementor-element-populated\">\n\t\t\t\t\t\t\t\t<div class=\"elementor-element elementor-element-406194c elementor-widget elementor-widget-testimonial\" data-id=\"406194c\" data-element_type=\"widget\" data-widget_type=\"testimonial.default\">\n\t\t\t\t<div class=\"elementor-widget-container\">\n\t\t\t\t\t<div class=\"elementor-testimonial-wrapper\">\n\t\t\t\t\t\t\t<div class=\"elementor-testimonial-content\">Our client needed us urgently. VIP Air from Vietstar Airlines helped us reach our client on time. This smooth flight has helped us and our client win the important case.<\/div>\n\t\t\t\n\t\t\t\t\t\t<div class=\"elementor-testimonial-meta elementor-has-image elementor-testimonial-image-position-aside\">\n\t\t\t\t<div class=\"elementor-testimonial-meta-inner\">\n\t\t\t\t\t\t\t\t\t\t\t<div class=\"elementor-testimonial-image\">\n\t\t\t\t\t\t\t<img loading=\"lazy\" decoding=\"async\" width=\"750\" height=\"812\" src=\"https:\/\/www.vietstarvipair.com\/vn\/wp-content\/uploads\/2023\/08\/Sarah-Albert.png\" class=\"attachment-full size-full wp-image-4983\" alt=\"\" srcset=\"https:\/\/www.vietstarvipair.com\/vn\/wp-content\/uploads\/2023\/08\/Sarah-Albert.png 750w, https:\/\/www.vietstarvipair.com\/vn\/wp-content\/uploads\/2023\/08\/Sarah-Albert-277x300.png 277w\" sizes=\"auto, (max-width: 750px) 100vw, 750px\" \/>\t\t\t\t\t\t<\/div>\n\t\t\t\t\t\n\t\t\t\t\t\t\t\t\t\t<div class=\"elementor-testimonial-details\">\n\t\t\t\t\t\t\t\t\t\t\t\t\t\t<div class=\"elementor-testimonial-name\">Sarah Albert<\/div>\n\t\t\t\t\t\t\t\t\t\t\t\t\t\t\t\t\t\t\t\t\t\t<div class=\"elementor-testimonial-job\">Lu\u1eadt S\u01b0<\/div>\n\t\t\t\t\t\t\t\t\t\t\t\t\t<\/div>\n\t\t\t\t\t\t\t\t\t<\/div>\n\t\t\t<\/div>\n\t\t\t\t\t<\/div>\n\t\t\t\t<\/div>\n\t\t\t\t<\/div>\n\t\t\t\t\t<\/div>\n\t\t<\/div>\n\t\t\t\t<div class=\"elementor-column elementor-col-33 elementor-top-column elementor-element elementor-element-fb976da\" data-id=\"fb976da\" data-element_type=\"column\">\n\t\t\t<div class=\"elementor-widget-wrap elementor-element-populated\">\n\t\t\t\t\t\t\t\t<div class=\"elementor-element elementor-element-a2c6628 elementor-widget elementor-widget-testimonial\" data-id=\"a2c6628\" data-element_type=\"widget\" data-widget_type=\"testimonial.default\">\n\t\t\t\t<div class=\"elementor-widget-container\">\n\t\t\t\t\t<div class=\"elementor-testimonial-wrapper\">\n\t\t\t\t\t\t\t<div class=\"elementor-testimonial-content\">VIP Air services from Vietstar Airlines have made my long trip a sweet dream one in the Air. I will definitely fly with Vietstar Airlines again in the near future.\n<\/div>\n\t\t\t\n\t\t\t\t\t\t<div class=\"elementor-testimonial-meta elementor-has-image elementor-testimonial-image-position-aside\">\n\t\t\t\t<div class=\"elementor-testimonial-meta-inner\">\n\t\t\t\t\t\t\t\t\t\t\t<div class=\"elementor-testimonial-image\">\n\t\t\t\t\t\t\t<img loading=\"lazy\" decoding=\"async\" width=\"476\" height=\"405\" src=\"https:\/\/www.vietstarvipair.com\/vn\/wp-content\/uploads\/2023\/08\/Screenshot-2023-08-17-185809.png\" class=\"attachment-full size-full wp-image-4984\" alt=\"\" srcset=\"https:\/\/www.vietstarvipair.com\/vn\/wp-content\/uploads\/2023\/08\/Screenshot-2023-08-17-185809.png 476w, https:\/\/www.vietstarvipair.com\/vn\/wp-content\/uploads\/2023\/08\/Screenshot-2023-08-17-185809-300x255.png 300w\" sizes=\"auto, (max-width: 476px) 100vw, 476px\" \/>\t\t\t\t\t\t<\/div>\n\t\t\t\t\t\n\t\t\t\t\t\t\t\t\t\t<div class=\"elementor-testimonial-details\">\n\t\t\t\t\t\t\t\t\t\t\t\t\t\t<div class=\"elementor-testimonial-name\">Christina Eva<\/div>\n\t\t\t\t\t\t\t\t\t\t\t\t\t\t\t\t\t\t\t\t\t\t<div class=\"elementor-testimonial-job\">Ca s\u0129<\/div>\n\t\t\t\t\t\t\t\t\t\t\t\t\t<\/div>\n\t\t\t\t\t\t\t\t\t<\/div>\n\t\t\t<\/div>\n\t\t\t\t\t<\/div>\n\t\t\t\t<\/div>\n\t\t\t\t<\/div>\n\t\t\t\t\t<\/div>\n\t\t<\/div>\n\t\t\t\t\t\t\t<\/div>\n\t\t<\/section>\n\t\t\t\t\t\t\t<\/div>\n\t\t","protected":false},"excerpt":{"rendered":"<p>Gi\u1edbi Thi\u1ec7u V\u1ec1 Vietstar VIP Air Chuy\u00ean Nghi\u1ec7p v\u00e0 T\u1eadn T\u00e2m Vietstar Airlines \u0111\u01b0\u1ee3c th\u00e0nh l\u1eadp v\u00e0o n\u0103m 2012 v\u00e0 l\u00e0 c\u00f4ng ty h\u00e0ng \u0111\u1ea7u t\u1ea1i Vi\u1ec7t Nam trong vi\u1ec7c cung c\u1ea5p d\u1ecbch v\u1ee5 Cho thu\u00ea m\u00e1y bay ri\u00eang, Qu\u1ea3n l\u00fd m\u00e1y bay, B\u1ea3o tr\u00ec, D\u1ecbch v\u1ee5 m\u1eb7t \u0111\u1ea5t, \u0110\u00e0o t\u1ea1o h\u00e0ng kh\u00f4ng t\u1ea1i Vi\u1ec7t [&hellip;]<\/p>\n","protected":false},"author":1,"featured_media":0,"parent":0,"menu_order":0,"comment_status":"closed","ping_status":"closed","template":"elementor_header_footer","meta":{"footnotes":""},"class_list":["post-596","page","type-page","status-publish","hentry"],"_links":{"self":[{"href":"https:\/\/www.vietstarvipair.com\/vn\/wp-json\/wp\/v2\/pages\/596","targetHints":{"allow":["GET"]}}],"collection":[{"href":"https:\/\/www.vietstarvipair.com\/vn\/wp-json\/wp\/v2\/pages"}],"about":[{"href":"https:\/\/www.vietstarvipair.com\/vn\/wp-json\/wp\/v2\/types\/page"}],"author":[{"embeddable":true,"href":"https:\/\/www.vietstarvipair.com\/vn\/wp-json\/wp\/v2\/users\/1"}],"replies":[{"embeddable":true,"href":"https:\/\/www.vietstarvipair.com\/vn\/wp-json\/wp\/v2\/comments?post=596"}],"version-history":[{"count":21,"href":"https:\/\/www.vietstarvipair.com\/vn\/wp-json\/wp\/v2\/pages\/596\/revisions"}],"predecessor-version":[{"id":5146,"href":"https:\/\/www.vietstarvipair.com\/vn\/wp-json\/wp\/v2\/pages\/596\/revisions\/5146"}],"wp:attachment":[{"href":"https:\/\/www.vietstarvipair.com\/vn\/wp-json\/wp\/v2\/media?parent=596"}],"curies":[{"name":"wp","href":"https:\/\/api.w.org\/{rel}","templated":true}]}}